{"id":12321,"date":"2026-03-03T13:05:02","date_gmt":"2026-03-03T05:05:02","guid":{"rendered":"https:\/\/sunhyings.com\/?page_id=12321"},"modified":"2026-03-04T09:51:51","modified_gmt":"2026-03-04T01:51:51","slug":"sanitary","status":"publish","type":"page","link":"https:\/\/sunhyings.com\/fr\/industries\/sanitary\/","title":{"rendered":"Agroalimentaire"},"content":{"rendered":"<div data-elementor-type=\"wp-page\" data-elementor-id=\"12321\" class=\"elementor elementor-12321\" data-elementor-post-type=\"page\">\n\t\t\t\t<div class=\"elementor-element elementor-element-08906a3 e-flex e-con-boxed e-con e-parent\" data-id=\"08906a3\" data-element_type=\"container\" data-e-type=\"container\" data-settings=\"{&quot;background_background&quot;:&quot;classic&quot;}\">\n\t\t\t\t\t<div class=\"e-con-inner\">\n\t\t<div class=\"elementor-element elementor-element-8ab603f e-con-full e-flex e-con e-child\" data-id=\"8ab603f\" data-element_type=\"container\" data-e-type=\"container\">\n\t\t\t\t<div class=\"elementor-element elementor-element-dcca469 elementor-widget elementor-widget-heading\" data-id=\"dcca469\" data-element_type=\"widget\" data-e-type=\"widget\" data-widget_type=\"heading.default\">\n\t\t\t\t\t<h2 class=\"elementor-heading-title elementor-size-default\">Connexions Ultra-Pures :<\/h2>\t\t\t\t<\/div>\n\t\t\t\t<div class=\"elementor-element elementor-element-107da28 elementor-widget elementor-widget-heading\" data-id=\"107da28\" data-element_type=\"widget\" data-e-type=\"widget\" data-widget_type=\"heading.default\">\n\t\t\t\t\t<h2 class=\"elementor-heading-title elementor-size-default\">Solutions Agroalimentaires, Pharmaceutiques et Hygi\u00e9niques<\/h2>\t\t\t\t<\/div>\n\t\t\t\t<div class=\"elementor-element elementor-element-529505c elementor-widget elementor-widget-text-editor\" data-id=\"529505c\" data-element_type=\"widget\" data-e-type=\"widget\" data-widget_type=\"text-editor.default\">\n\t\t\t\t\t\t\t\t\t<p>Raccords, vannes et fixations pour salles propres de pr\u00e9cision con\u00e7us pour \u00e9liminer les zones mortes et<br \/>Nettoyage et st\u00e9rilisation en place sans effort. Enti\u00e8rement conforme aux normes FDA, 3A et GMP.<\/p>\t\t\t\t\t\t\t\t<\/div>\n\t\t\t\t<\/div>\n\t\t\t\t\t<\/div>\n\t\t\t\t<\/div>\n\t\t<div class=\"elementor-element elementor-element-506e2c0 e-flex e-con-boxed e-con e-parent\" data-id=\"506e2c0\" data-element_type=\"container\" data-e-type=\"container\">\n\t\t\t\t\t<div class=\"e-con-inner\">\n\t\t\t\t<div class=\"elementor-element elementor-element-ca8eae4 elementor-widget elementor-widget-html\" data-id=\"ca8eae4\" data-element_type=\"widget\" data-e-type=\"widget\" data-widget_type=\"html.default\">\n\t\t\t\t\t<style>\r\n  .sunhy-san-wrap { --primary: #0f172a; --accent: #f5b301; --text-main: #334155; --text-light: #64748b; --bg-light: #f8fafc; font-family: inherit; line-height: 1.6; color: var(--text-main); }\r\n  .sunhy-san-wrap * { box-sizing: border-box; }\r\n  .sunhy-san-container { max-width: 1400px; margin: 0 auto; padding: 0 20px; }\r\n  .sunhy-san-hero { background: linear-gradient(rgba(15, 23, 42, 0.8), rgba(15, 23, 42, 0.85)), url('https:\/\/images.unsplash.com\/photo-1582719471384-894fbb16e074?auto=format&fit=crop&w=1920&q=80') center\/cover; color: #fff; padding: 100px 20px; text-align: center; border-radius: 8px; margin-bottom: 60px; }\r\n  .sunhy-san-hero h1 { font-size: 48px; font-weight: 700; margin-bottom: 20px; color: #fff; }\r\n  .sunhy-san-hero p { font-size: 18px; max-width: 800px; margin: 0 auto 30px; color: #cbd5e1; }\r\n  .sunhy-san-hero .accent-text { color: var(--accent); }\r\n  .sunhy-san-section-title { text-align: center; font-size: 32px; font-weight: 700; color: var(--primary); margin-bottom: 10px; }\r\n  .sunhy-san-divider { width: 60px; height: 4px; background: var(--accent); margin: 0 auto 40px; }\r\n  .sunhy-san-grid { display: grid; grid-template-columns: repeat(auto-fit, minmax(200px, 1fr)); gap: 20px; margin-bottom: 80px; }\r\n  .sunhy-san-card { background: #fff; border: 1px solid #e2e8f0; border-radius: 6px; padding: 30px 20px; text-align: center; text-decoration: none; transition: all 0.3s ease; }\r\n  .sunhy-san-card:hover { transform: translateY(-5px); box-shadow: 0 10px 25px rgba(0,0,0,0.08); border-color: var(--accent); }\r\n  .sunhy-san-card svg { width: 48px; height: 48px; stroke: var(--primary); margin-bottom: 15px; transition: stroke 0.3s ease; }\r\n  .sunhy-san-card:hover svg { stroke: var(--accent); }\r\n  .sunhy-san-card h3 { font-size: 18px; color: var(--primary); margin: 0; font-weight: 600; }\r\n  .sunhy-san-products { background: var(--bg-light); padding: 60px 0; border-radius: 8px; margin-bottom: 80px; }\r\n  .sunhy-san-prod-grid { display: grid; grid-template-columns: repeat(auto-fit, minmax(300px, 1fr)); gap: 30px; }\r\n  .sunhy-san-prod-item { background: #fff; padding: 30px; border-radius: 6px; box-shadow: 0 4px 6px rgba(0,0,0,0.02); border-top: 4px solid var(--primary); }\r\n  .sunhy-san-prod-item h4 { font-size: 20px; color: var(--primary); margin-top: 0; margin-bottom: 15px; }\r\n  .sunhy-san-prod-item ul { padding-left: 20px; margin: 0 0 20px 0; color: var(--text-light); }\r\n  .sunhy-san-prod-item ul li { margin-bottom: 8px; }\r\n  .sunhy-san-prod-item a { color: var(--primary); font-weight: 600; text-decoration: none; border-bottom: 2px solid var(--accent); }\r\n  .sunhy-san-case { display: flex; flex-wrap: wrap; gap: 40px; align-items: center; margin-bottom: 80px; }\r\n  .sunhy-san-case-img { flex: 1; min-width: 300px; background: #e2e8f0; height: 350px; border-radius: 8px; overflow: hidden; }\r\n  .sunhy-san-case-img img { width: 100%; height: 100%; object-fit: cover; }\r\n  .sunhy-san-case-content { flex: 1.5; min-width: 300px; }\r\n  .sunhy-san-tag { display: inline-block; background: var(--primary); color: #fff; padding: 4px 12px; font-size: 12px; font-weight: bold; border-radius: 20px; margin-bottom: 15px; text-transform: uppercase; }\r\n  .sunhy-san-case-content h3 { font-size: 28px; color: var(--primary); margin-top: 0; margin-bottom: 20px; }\r\n  .sunhy-san-metrics { display: flex; gap: 20px; margin-top: 25px; }\r\n  .sunhy-san-metric { background: var(--bg-light); padding: 15px 20px; border-left: 4px solid var(--accent); border-radius: 0 6px 6px 0; }\r\n  .sunhy-san-metric strong { display: block; font-size: 20px; color: var(--primary); }\r\n  .sunhy-san-metric span { font-size: 13px; color: var(--text-light); }\r\n  .sunhy-san-standards { text-align: center; margin-bottom: 60px; }\r\n  .sunhy-san-badges { display: flex; justify-content: center; flex-wrap: wrap; gap: 15px; margin-top: 20px; }\r\n  .sunhy-san-badge { border: 1px solid #cbd5e1; padding: 10px 20px; border-radius: 4px; font-weight: bold; color: var(--primary); background: #fff; }\r\n  @media (max-width: 768px) { .sunhy-san-hero h1 { font-size: 32px; } .sunhy-san-case { flex-direction: column; } }\r\n<\/style>\r\n\r\n<div class=\"sunhy-san-wrap\">\r\n\r\n\r\n  <div class=\"sunhy-san-container\">\r\n    <h2 class=\"sunhy-san-section-title\">Explorer par Application<\/h2>\r\n    <div class=\"sunhy-san-divider\"><\/div>\r\n    <div class=\"sunhy-san-grid\">\r\n      <a href=\"https:\/\/sunhyings.com\/fr\/industries\/sanitary\/food-processing\/\" class=\"sunhy-san-card\">\r\n        <svg viewbox=\"0 0 24 24\" fill=\"none\" stroke-width=\"1.5\" stroke-linecap=\"round\" stroke-linejoin=\"round\"><path d=\"M12 2v20M17 5H9.5a3.5 3.5 0 0 0 0 7h5a3.5 3.5 0 0 1 0 7H6\"\/><\/svg>\r\n        <h3>Industrie agroalimentaire<\/h3>\r\n      <\/a>\r\n      <a href=\"https:\/\/sunhyings.com\/fr\/industries\/sanitary\/dairy-brewing\/\" class=\"sunhy-san-card\">\r\n        <svg viewbox=\"0 0 24 24\" fill=\"none\" stroke-width=\"1.5\" stroke-linecap=\"round\" stroke-linejoin=\"round\"><path d=\"M18 8h1a4 4 0 0 1 0 8h-1M2 8h16v9a4 4 0 0 1-4 4H6a4 4 0 0 1-4-4V8zM6 1v3M10 1v3M14 1v3\"\/><\/svg>\r\n        <h3>Laitier et Brassage<\/h3>\r\n      <\/a>\r\n      <a href=\"https:\/\/sunhyings.com\/fr\/industries\/sanitary\/pharmaceutical\/\" class=\"sunhy-san-card\">\r\n        <svg viewbox=\"0 0 24 24\" fill=\"none\" stroke-width=\"1.5\" stroke-linecap=\"round\" stroke-linejoin=\"round\"><path d=\"M10.5 20.5l10-10a4.95 4.95 0 1 0-7-7l-10 10a4.95 4.95 0 1 0 7 7zM8.5 8.5l7 7\"\/><\/svg>\r\n        <h3>Pharmaceutique<\/h3>\r\n      <\/a>\r\n      <a href=\"https:\/\/sunhyings.com\/fr\/industries\/sanitary\/biotechnology\/\" class=\"sunhy-san-card\">\r\n        <svg viewbox=\"0 0 24 24\" fill=\"none\" stroke-width=\"1.5\" stroke-linecap=\"round\" stroke-linejoin=\"round\"><path d=\"M10 2v4l-6 12a2 2 0 002 2h12a2 2 0 002-2l-6-12V2M8 2h8M6 14h12\"\/><\/svg>\r\n        <h3>Biotechnologie<\/h3>\r\n      <\/a>\r\n      <a href=\"https:\/\/sunhyings.com\/fr\/industries\/sanitary\/cosmetics-personal-care\/\" class=\"sunhy-san-card\">\r\n        <svg viewbox=\"0 0 24 24\" fill=\"none\" stroke-width=\"1.5\" stroke-linecap=\"round\" stroke-linejoin=\"round\"><path d=\"M16 10H8v12h8V10zM12 10V6M9 6h6M12 6V2M10 2h4\"\/><\/svg>\r\n        <h3>Cosm\u00e9tiques et Soins<\/h3>\r\n      <\/a>\r\n      <a href=\"https:\/\/sunhyings.com\/fr\/industries\/sanitary\/semiconductor-microelectronics\/\" class=\"sunhy-san-card\">\r\n        <svg viewbox=\"0 0 24 24\" fill=\"none\" stroke-width=\"1.5\" stroke-linecap=\"round\" stroke-linejoin=\"round\"><rect x=\"4\" y=\"4\" width=\"16\" height=\"16\" rx=\"2\" ry=\"2\"\/><path d=\"M9 9h6v6H9zM9 1v3M15 1v3M9 20v3M15 20v3M20 9h3M20 14h3M1 9h3M1 14h3\"\/><\/svg>\r\n        <h3>Semi-conducteur (UHP)<\/h3>\r\n      <\/a>\r\n    <\/div>\r\n    <\/div>\r\n\r\n    <section class=\"sunhy-san-products\">\r\n      <div class=\"sunhy-san-container\">\r\n        <h2 class=\"sunhy-san-section-title\">Solutions Hygi\u00e9niques Int\u00e9gr\u00e9es<\/h2>\r\n        <div class=\"sunhy-san-divider\"><\/div>\r\n        <div class=\"sunhy-san-prod-grid\">\r\n          <div class=\"sunhy-san-prod-item\">\r\n            <h4>Raccords Clamp (Tri-Clamp)<\/h4>\r\n            <p style=\"color: #64748b; font-size: 14px; margin-bottom: 15px;\">Composants \u00e0 assemblage rapide avec finition de surface sup\u00e9rieure.<\/p>\r\n            <ul>\r\n              <li>Brides Tri-Clamp et Joints<\/li>\r\n              <li>Coudes et T\u00e9s de Soudure Hygi\u00e9niques<\/li>\r\n              <li>Verrons Hygi\u00e9niques et Vannes<\/li>\r\n            <\/ul>\r\n            <a href=\"https:\/\/sunhyings.com\/fr\/sanitary-fittings\/\">Voir les Raccords Hygi\u00e9niques \u2192<\/a>\r\n          <\/div>\r\n          <div class=\"sunhy-san-prod-item\">\r\n            <h4>Fixations pour Salles Blanches<\/h4>\r\n            <p style=\"color: #64748b; font-size: 14px; margin-bottom: 15px;\">Pi\u00e8ces d'accouplement con\u00e7ues pour \u00e9liminer les pi\u00e8ges \u00e0 salet\u00e9 et les rayures.<\/p>\r\n            <ul>\r\n              <li>\u00c9crous \u00e0 capuchon et \u00e0 t\u00eate ronde (DIN 1587)<\/li>\r\n              <li>\u00c9crous de Blocage \u00e0 Insert Nylon<\/li>\r\n              <li>Boulons en acier inoxydable A4 (316L)<\/li>\r\n            <\/ul>\r\n            <a href=\"https:\/\/sunhyings.com\/fr\/special-nuts\/\">Voir les fixations \u2192<\/a>\r\n          <\/div>\r\n        <\/div>\r\n      <\/div>\r\n    <\/section>\r\n\r\n    <section class=\"sunhy-san-case\">\r\n      <div class=\"sunhy-san-case-img\">\r\n        <img decoding=\"async\" src=\"https:\/\/sunhyings.com\/wp-content\/uploads\/2026\/03\/sunhy-sanitary-process-piping-sight-glass-fda.webp\" >\r\n      <\/div>\r\n      <div class=\"sunhy-san-case-content\">\r\n        <span class=\"sunhy-san-tag\">\u00c9tude de cas de projet<\/span>\r\n        <h3>Tuyauterie de proc\u00e9d\u00e9 pour salles blanches en biopharmacie<\/h3>\r\n        <p><strong>Le d\u00e9fi :<\/strong> Une importante usine de fabrication de vaccins n\u00e9cessitait un syst\u00e8me de transfert de fluides \u00e0 haute puret\u00e9 garantissant une contamination z\u00e9ro, une nettoyabilit\u00e9 absolue (CIP\/SIP) et une documentation GMP stricte.<\/p>\r\n        <p><strong>Notre solution :<\/strong> Nous avons fourni une gamme compl\u00e8te de <strong>Raccords \u00e0 bride hygi\u00e9nique et lunettes de contr\u00f4le en 316L<\/strong> avec un polissage m\u00e9canique interne de <strong>Ra &lt; 0,4 \u00b5m<\/strong>. Ext\u00e9rieurement, les panneaux d'\u00e9quipement \u00e9taient fix\u00e9s \u00e0 l'aide de nos <strong>\u00c9crous borgnes en acier inoxydable<\/strong> pour pr\u00e9venir les blessures des op\u00e9rateurs et \u00e9liminer les points de r\u00e9tention bact\u00e9rienne.<\/p>\r\n        <div class=\"sunhy-san-metrics\">\r\n          <div class=\"sunhy-san-metric\"><strong>Ra &lt; 0,4 \u00b5m<\/strong><span>\u00c9tat de surface<\/span><\/div>\r\n          <div class=\"sunhy-san-metric\"><strong>100%<\/strong><span>Inspection par endoscope<\/span><\/div>\r\n          <div class=\"sunhy-san-metric\"><strong>CIP\/SIP<\/strong><span>Conception pr\u00eate \u00e0 l'emploi<\/span><\/div>\r\n        <\/div>\r\n      <\/div>\r\n    <\/section>\r\n\r\n    <section class=\"sunhy-san-standards\">\r\n      <h2 class=\"sunhy-san-section-title\">Qualit\u00e9 hygi\u00e9nique certifi\u00e9e<\/h2>\r\n      <div class=\"sunhy-san-divider\"><\/div>\r\n      <p style=\"max-width: 700px; margin: 0 auto; color: var(--text-light);\">Fabriqu\u00e9 en acier inoxydable premium 304L et 316L, utilisant des joints PTFE et EPDM de haute qualit\u00e9 pour une s\u00e9curit\u00e9 ultime dans la production alimentaire et pharmaceutique.<\/p>\r\n      <div class=\"sunhy-san-badges\">\r\n        <span class=\"sunhy-san-badge\">Conforme FDA<\/span>\r\n        <span class=\"sunhy-san-badge\">Norme agroalimentaire 3A<\/span>\r\n        <span class=\"sunhy-san-badge\">DIN 11850 \/ SMS<\/span>\r\n        <span class=\"sunhy-san-badge\">Pr\u00eat pour GMP<\/span>\r\n      <\/div>\r\n    <\/section>\r\n  <\/div>\r\n<\/div>\t\t\t\t<\/div>\n\t\t\t\t\t<\/div>\n\t\t\t\t<\/div>\n\t\t\t\t<\/div>","protected":false},"excerpt":{"rendered":"<p>Ultra-Pure Connections: Food, Pharma&amp; Sanitary Solutions Precision-engineered sanitary fittings, valves, and cleanroom fasteners designed for zero dead legs andeffortless CIP\/SIP. Fully compliant with FDA, 3A, and GMP standards. Explore by Application Food Processing Dairy &#038; Brewing Pharmaceutical Biotechnology Cosmetics &#038; Care Semiconductor (UHP) Integrated Hygienic Solutions Sanitary Clamp Fittings Quick-assembly components with superior surface finish. [&hellip;]<\/p>\n","protected":false},"author":1,"featured_media":0,"parent":12304,"menu_order":0,"comment_status":"closed","ping_status":"closed","template":"","meta":{"footnotes":""},"class_list":["post-12321","page","type-page","status-publish","hentry"],"_links":{"self":[{"href":"https:\/\/sunhyings.com\/fr\/wp-json\/wp\/v2\/pages\/12321","targetHints":{"allow":["GET"]}}],"collection":[{"href":"https:\/\/sunhyings.com\/fr\/wp-json\/wp\/v2\/pages"}],"about":[{"href":"https:\/\/sunhyings.com\/fr\/wp-json\/wp\/v2\/types\/page"}],"author":[{"embeddable":true,"href":"https:\/\/sunhyings.com\/fr\/wp-json\/wp\/v2\/users\/1"}],"replies":[{"embeddable":true,"href":"https:\/\/sunhyings.com\/fr\/wp-json\/wp\/v2\/comments?post=12321"}],"version-history":[{"count":16,"href":"https:\/\/sunhyings.com\/fr\/wp-json\/wp\/v2\/pages\/12321\/revisions"}],"predecessor-version":[{"id":12440,"href":"https:\/\/sunhyings.com\/fr\/wp-json\/wp\/v2\/pages\/12321\/revisions\/12440"}],"up":[{"embeddable":true,"href":"https:\/\/sunhyings.com\/fr\/wp-json\/wp\/v2\/pages\/12304"}],"wp:attachment":[{"href":"https:\/\/sunhyings.com\/fr\/wp-json\/wp\/v2\/media?parent=12321"}],"curies":[{"name":"wp","href":"https:\/\/api.w.org\/{rel}","templated":true}]}}